{"id":2456,"date":"2020-07-03T05:00:14","date_gmt":"2020-07-03T03:00:14","guid":{"rendered":"https:\/\/segelyszervezet.hu\/szocialis-vallalkozasok\/"},"modified":"2020-07-09T21:45:21","modified_gmt":"2020-07-09T19:45:21","slug":"social-enterprises","status":"publish","type":"page","link":"https:\/\/segelyszervezet.hu\/en\/social-enterprises\/","title":{"rendered":"Social enterprises"},"content":{"rendered":"","protected":false},"excerpt":{"rendered":"","protected":false},"author":18,"featured_media":0,"parent":0,"menu_order":0,"comment_status":"closed","ping_status":"closed","template":"","meta":{"_acf_changed":false,"footnotes":""},"class_list":["post-2456","page","type-page","status-publish","hentry"],"better_featured_image":null,"acf":{"is-hero":true,"hero-media-type":"image","hero-layout":"left","hero-subtitle":"Help in catching up ","hero-button":"","hero-cover-media-type":"image","hero-background":2247,"page-sections":[{"acf_fc_layout":"rich-text","text":"<p>Our work is determined by the creation of opportunities that go beyond temporary aid. Our social enterprises also help to achieve this goal. The aim of non-profit enterprises, in addition to creating jobs in the poorest regions of the country, is to invest profits into additional social programmes, ensuring their long-term sustainability.<br \/>\nSeveral social enterprises are connected to our sample farm in Kast\u00e9lyosdomb\u00f3, thanks to which we have become the largest employer in the settlement.<\/p>\n"},{"acf_fc_layout":"mosaic-content","mosaic_cropped":false,"mosaic_block_id":"","mosaic_block":[{"image":2259,"title":"Cheese-workshop in Kast\u00e9lyosdomb\u00f3","description":"Under the guidance of a cheese master with 30 years of experience, the cheese workshop in Kast\u00e9lyosdomb\u00f3 produces high-quality cheeses using mainly handicraft techniques.","link":{"title":"More about the Cheese-workshop","url":"https:\/\/sajtmuhely.hu\/","target":""}},{"image":2253,"title":"Herb processing","description":"Collecting herbs is not new in this area - in the past many people picked various herbs seasonally, hence our organization operates a herb collection and drying centre in Kast\u00e9lyosdomb\u00f3.","link":""},{"image":2251,"title":"Erd\u0151dy guesthouse","description":"In addition to agricultural activities, we are also involved in the world of tourism: Our guest house for 12 people and tastefully designed apartments welcomes those who want to discover the beauties of the area or love hunting. ","link":{"title":"More about Erd\u0151dy guesthouse","url":"https:\/\/erdodyvendeghaz.hu\/","target":""}},{"image":2255,"title":"Hop cultivation","description":"Cultivation of hops which was launched in Kast\u00e9lyosdomb\u00f3 is a unique spot in the world of social enterprises, as this important plant had hardly been grown in Hungary for decades. With our model programme implemented together with Heineken Hungary, we contribute to the revival of Hungarian hop production, and also offer job opportunities in a multiply disadvantaged region.","link":""}]}]},"yoast_head":"<!-- This site is optimized with the Yoast SEO plugin v24.8 - https:\/\/yoast.com\/wordpress\/plugins\/seo\/ -->\n<title>Social enterprises - \u00d6kumenikus Seg\u00e9lyszervezet<\/title>\n<meta name=\"robots\" content=\"index, follow, max-snippet:-1, max-image-preview:large, max-video-preview:-1\" \/>\n<link rel=\"canonical\" href=\"https:\/\/segelyszervezet.hu\/en\/social-enterprises\/\" \/>\n<meta property=\"og:locale\" content=\"en_US\" \/>\n<meta property=\"og:type\" content=\"article\" \/>\n<meta property=\"og:title\" content=\"Social enterprises - \u00d6kumenikus Seg\u00e9lyszervezet\" \/>\n<meta property=\"og:url\" content=\"https:\/\/segelyszervezet.hu\/en\/social-enterprises\/\" \/>\n<meta property=\"og:site_name\" content=\"\u00d6kumenikus Seg\u00e9lyszervezet\" \/>\n<meta property=\"article:publisher\" content=\"https:\/\/www.facebook.com\/segelyszervezet\/\" \/>\n<meta property=\"article:modified_time\" content=\"2020-07-09T19:45:21+00:00\" \/>\n<meta name=\"twitter:card\" content=\"summary_large_image\" \/>\n<script type=\"application\/ld+json\" class=\"yoast-schema-graph\">{\"@context\":\"https:\/\/schema.org\",\"@graph\":[{\"@type\":\"WebPage\",\"@id\":\"https:\/\/segelyszervezet.hu\/en\/social-enterprises\/\",\"url\":\"https:\/\/segelyszervezet.hu\/en\/social-enterprises\/\",\"name\":\"Social enterprises - \u00d6kumenikus Seg\u00e9lyszervezet\",\"isPartOf\":{\"@id\":\"https:\/\/segelyszervezet.hu\/#website\"},\"datePublished\":\"2020-07-03T03:00:14+00:00\",\"dateModified\":\"2020-07-09T19:45:21+00:00\",\"breadcrumb\":{\"@id\":\"https:\/\/segelyszervezet.hu\/en\/social-enterprises\/#breadcrumb\"},\"inLanguage\":\"en-US\",\"potentialAction\":[{\"@type\":\"ReadAction\",\"target\":[\"https:\/\/segelyszervezet.hu\/en\/social-enterprises\/\"]}]},{\"@type\":\"BreadcrumbList\",\"@id\":\"https:\/\/segelyszervezet.hu\/en\/social-enterprises\/#breadcrumb\",\"itemListElement\":[{\"@type\":\"ListItem\",\"position\":1,\"name\":\"F\u0151oldal\",\"item\":\"https:\/\/segelyszervezet.hu\/en\/\"},{\"@type\":\"ListItem\",\"position\":2,\"name\":\"Social enterprises\"}]},{\"@type\":\"WebSite\",\"@id\":\"https:\/\/segelyszervezet.hu\/#website\",\"url\":\"https:\/\/segelyszervezet.hu\/\",\"name\":\"\u00d6kumenikus Seg\u00e9lyszervezet\",\"description\":\"\",\"publisher\":{\"@id\":\"https:\/\/segelyszervezet.hu\/#organization\"},\"potentialAction\":[{\"@type\":\"SearchAction\",\"target\":{\"@type\":\"EntryPoint\",\"urlTemplate\":\"https:\/\/segelyszervezet.hu\/?s={search_term_string}\"},\"query-input\":{\"@type\":\"PropertyValueSpecification\",\"valueRequired\":true,\"valueName\":\"search_term_string\"}}],\"inLanguage\":\"en-US\"},{\"@type\":\"Organization\",\"@id\":\"https:\/\/segelyszervezet.hu\/#organization\",\"name\":\"Interchurch Aid\",\"url\":\"https:\/\/segelyszervezet.hu\/\",\"logo\":{\"@type\":\"ImageObject\",\"inLanguage\":\"en-US\",\"@id\":\"https:\/\/segelyszervezet.hu\/#\/schema\/logo\/image\/\",\"url\":\"https:\/\/segelyszervezet.hu\/app\/uploads\/2020\/07\/logo-colored.svg\",\"contentUrl\":\"https:\/\/segelyszervezet.hu\/app\/uploads\/2020\/07\/logo-colored.svg\",\"width\":202,\"height\":67,\"caption\":\"Interchurch Aid\"},\"image\":{\"@id\":\"https:\/\/segelyszervezet.hu\/#\/schema\/logo\/image\/\"},\"sameAs\":[\"https:\/\/www.facebook.com\/segelyszervezet\/\",\"https:\/\/www.instagram.com\/okumenikus_segelyszervezet\/\",\"https:\/\/www.youtube.com\/user\/Segelyszervezet\"]}]}<\/script>\n<!-- \/ Yoast SEO plugin. -->","yoast_head_json":{"title":"Social enterprises - \u00d6kumenikus Seg\u00e9lyszervezet","robots":{"index":"index","follow":"follow","max-snippet":"max-snippet:-1","max-image-preview":"max-image-preview:large","max-video-preview":"max-video-preview:-1"},"canonical":"https:\/\/segelyszervezet.hu\/en\/social-enterprises\/","og_locale":"en_US","og_type":"article","og_title":"Social enterprises - \u00d6kumenikus Seg\u00e9lyszervezet","og_url":"https:\/\/segelyszervezet.hu\/en\/social-enterprises\/","og_site_name":"\u00d6kumenikus Seg\u00e9lyszervezet","article_publisher":"https:\/\/www.facebook.com\/segelyszervezet\/","article_modified_time":"2020-07-09T19:45:21+00:00","twitter_card":"summary_large_image","schema":{"@context":"https:\/\/schema.org","@graph":[{"@type":"WebPage","@id":"https:\/\/segelyszervezet.hu\/en\/social-enterprises\/","url":"https:\/\/segelyszervezet.hu\/en\/social-enterprises\/","name":"Social enterprises - \u00d6kumenikus Seg\u00e9lyszervezet","isPartOf":{"@id":"https:\/\/segelyszervezet.hu\/#website"},"datePublished":"2020-07-03T03:00:14+00:00","dateModified":"2020-07-09T19:45:21+00:00","breadcrumb":{"@id":"https:\/\/segelyszervezet.hu\/en\/social-enterprises\/#breadcrumb"},"inLanguage":"en-US","potentialAction":[{"@type":"ReadAction","target":["https:\/\/segelyszervezet.hu\/en\/social-enterprises\/"]}]},{"@type":"BreadcrumbList","@id":"https:\/\/segelyszervezet.hu\/en\/social-enterprises\/#breadcrumb","itemListElement":[{"@type":"ListItem","position":1,"name":"F\u0151oldal","item":"https:\/\/segelyszervezet.hu\/en\/"},{"@type":"ListItem","position":2,"name":"Social enterprises"}]},{"@type":"WebSite","@id":"https:\/\/segelyszervezet.hu\/#website","url":"https:\/\/segelyszervezet.hu\/","name":"\u00d6kumenikus Seg\u00e9lyszervezet","description":"","publisher":{"@id":"https:\/\/segelyszervezet.hu\/#organization"},"potentialAction":[{"@type":"SearchAction","target":{"@type":"EntryPoint","urlTemplate":"https:\/\/segelyszervezet.hu\/?s={search_term_string}"},"query-input":{"@type":"PropertyValueSpecification","valueRequired":true,"valueName":"search_term_string"}}],"inLanguage":"en-US"},{"@type":"Organization","@id":"https:\/\/segelyszervezet.hu\/#organization","name":"Interchurch Aid","url":"https:\/\/segelyszervezet.hu\/","logo":{"@type":"ImageObject","inLanguage":"en-US","@id":"https:\/\/segelyszervezet.hu\/#\/schema\/logo\/image\/","url":"https:\/\/segelyszervezet.hu\/app\/uploads\/2020\/07\/logo-colored.svg","contentUrl":"https:\/\/segelyszervezet.hu\/app\/uploads\/2020\/07\/logo-colored.svg","width":202,"height":67,"caption":"Interchurch Aid"},"image":{"@id":"https:\/\/segelyszervezet.hu\/#\/schema\/logo\/image\/"},"sameAs":["https:\/\/www.facebook.com\/segelyszervezet\/","https:\/\/www.instagram.com\/okumenikus_segelyszervezet\/","https:\/\/www.youtube.com\/user\/Segelyszervezet"]}]}},"_links":{"self":[{"href":"https:\/\/segelyszervezet.hu\/en\/wp-json\/wp\/v2\/pages\/2456","targetHints":{"allow":["GET"]}}],"collection":[{"href":"https:\/\/segelyszervezet.hu\/en\/wp-json\/wp\/v2\/pages"}],"about":[{"href":"https:\/\/segelyszervezet.hu\/en\/wp-json\/wp\/v2\/types\/page"}],"author":[{"embeddable":true,"href":"https:\/\/segelyszervezet.hu\/en\/wp-json\/wp\/v2\/users\/18"}],"replies":[{"embeddable":true,"href":"https:\/\/segelyszervezet.hu\/en\/wp-json\/wp\/v2\/comments?post=2456"}],"version-history":[{"count":4,"href":"https:\/\/segelyszervezet.hu\/en\/wp-json\/wp\/v2\/pages\/2456\/revisions"}],"predecessor-version":[{"id":2488,"href":"https:\/\/segelyszervezet.hu\/en\/wp-json\/wp\/v2\/pages\/2456\/revisions\/2488"}],"wp:attachment":[{"href":"https:\/\/segelyszervezet.hu\/en\/wp-json\/wp\/v2\/media?parent=2456"}],"curies":[{"name":"wp","href":"https:\/\/api.w.org\/{rel}","templated":true}]}}