{"id":2735,"date":"2020-07-06T10:30:24","date_gmt":"2020-07-06T08:30:24","guid":{"rendered":"https:\/\/segelyszervezet.hu\/romania\/"},"modified":"2020-07-08T10:07:49","modified_gmt":"2020-07-08T08:07:49","slug":"romania","status":"publish","type":"page","link":"https:\/\/segelyszervezet.hu\/en\/romania\/","title":{"rendered":"Romania"},"content":{"rendered":"","protected":false},"excerpt":{"rendered":"","protected":false},"author":18,"featured_media":2721,"parent":0,"menu_order":0,"comment_status":"closed","ping_status":"closed","template":"","meta":{"_acf_changed":false,"footnotes":""},"class_list":["post-2735","page","type-page","status-publish","has-post-thumbnail","hentry"],"better_featured_image":{"id":2721,"alt_text":"","caption":"","description":"","media_type":"image","media_details":{"width":1920,"height":650,"file":"2020\/07\/Romania_fejlec.jpg","sizes":{"medium":{"file":"Romania_fejlec-600x203.jpg","width":600,"height":203,"mime-type":"image\/jpeg","source_url":"https:\/\/segelyszervezet.hu\/app\/uploads\/2020\/07\/Romania_fejlec-600x203.jpg"},"large":{"file":"Romania_fejlec-1440x488.jpg","width":1440,"height":488,"mime-type":"image\/jpeg","source_url":"https:\/\/segelyszervezet.hu\/app\/uploads\/2020\/07\/Romania_fejlec-1440x488.jpg"},"thumbnail":{"file":"Romania_fejlec-270x270.jpg","width":270,"height":270,"mime-type":"image\/jpeg","source_url":"https:\/\/segelyszervezet.hu\/app\/uploads\/2020\/07\/Romania_fejlec-270x270.jpg"},"medium_large":{"file":"Romania_fejlec-768x260.jpg","width":768,"height":260,"mime-type":"image\/jpeg","source_url":"https:\/\/segelyszervezet.hu\/app\/uploads\/2020\/07\/Romania_fejlec-768x260.jpg"},"1536x1536":{"file":"Romania_fejlec-1536x520.jpg","width":1536,"height":520,"mime-type":"image\/jpeg","source_url":"https:\/\/segelyszervezet.hu\/app\/uploads\/2020\/07\/Romania_fejlec-1536x520.jpg"},"card-image":{"file":"Romania_fejlec-510x270.jpg","width":510,"height":270,"mime-type":"image\/jpeg","source_url":"https:\/\/segelyszervezet.hu\/app\/uploads\/2020\/07\/Romania_fejlec-510x270.jpg"},"mosaic-image":{"file":"Romania_fejlec-600x390.jpg","width":600,"height":390,"mime-type":"image\/jpeg","source_url":"https:\/\/segelyszervezet.hu\/app\/uploads\/2020\/07\/Romania_fejlec-600x390.jpg"},"post_list_image":{"file":"Romania_fejlec-575x350.jpg","width":575,"height":350,"mime-type":"image\/jpeg","source_url":"https:\/\/segelyszervezet.hu\/app\/uploads\/2020\/07\/Romania_fejlec-575x350.jpg"}},"image_meta":{"aperture":"0","credit":"","camera":"","caption":"","created_timestamp":"0","copyright":"","focal_length":"0","iso":"0","shutter_speed":"0","title":"","orientation":"0","keywords":[]}},"post":2735,"source_url":"https:\/\/segelyszervezet.hu\/app\/uploads\/2020\/07\/Romania_fejlec.jpg"},"acf":{"is-hero":true,"hero-media-type":"image","hero-layout":"left","hero-subtitle":"","hero-button":"","hero-cover-media-type":"image","hero-background":2723,"page-sections":[{"acf_fc_layout":"image-text","align":"left","image":{"ID":2731,"id":2731,"title":"Romania4_mozaikos","filename":"Romania4_mozaikos.jpg","filesize":415743,"url":"https:\/\/segelyszervezet.hu\/app\/uploads\/2020\/07\/Romania4_mozaikos.jpg","link":"https:\/\/segelyszervezet.hu\/en\/romania\/romania4_mozaikos-2\/","alt":"","author":"18","description":"","caption":"","name":"romania4_mozaikos-2","status":"inherit","uploaded_to":2735,"date":"2020-07-06 08:23:40","modified":"2020-07-06 08:23:40","menu_order":0,"mime_type":"image\/jpeg","type":"image","subtype":"jpeg","icon":"https:\/\/segelyszervezet.hu\/wp\/wp-includes\/images\/media\/default.png","width":720,"height":480,"sizes":{"thumbnail":"https:\/\/segelyszervezet.hu\/app\/uploads\/2020\/07\/Romania4_mozaikos-270x270.jpg","thumbnail-width":270,"thumbnail-height":270,"medium":"https:\/\/segelyszervezet.hu\/app\/uploads\/2020\/07\/Romania4_mozaikos-600x400.jpg","medium-width":600,"medium-height":400,"medium_large":"https:\/\/segelyszervezet.hu\/app\/uploads\/2020\/07\/Romania4_mozaikos.jpg","medium_large-width":720,"medium_large-height":480,"large":"https:\/\/segelyszervezet.hu\/app\/uploads\/2020\/07\/Romania4_mozaikos.jpg","large-width":720,"large-height":480,"1536x1536":"https:\/\/segelyszervezet.hu\/app\/uploads\/2020\/07\/Romania4_mozaikos.jpg","1536x1536-width":720,"1536x1536-height":480,"2048x2048":"https:\/\/segelyszervezet.hu\/app\/uploads\/2020\/07\/Romania4_mozaikos.jpg","2048x2048-width":720,"2048x2048-height":480,"card-image":"https:\/\/segelyszervezet.hu\/app\/uploads\/2020\/07\/Romania4_mozaikos-510x270.jpg","card-image-width":510,"card-image-height":270,"post_list_image":"https:\/\/segelyszervezet.hu\/app\/uploads\/2020\/07\/Romania4_mozaikos-575x350.jpg","post_list_image-width":575,"post_list_image-height":350}},"title":"","text":"<p>After the events in Romania in 1989, HIA-Hungary was actively involved in delivering foreign aid. Following the stabilization of the country the economic development has changed the local needs and the purposes of aid programmes.<br \/>\nIn recent decades, we have been regularly involved in providing humanitarian assistance in disasters affecting Transylvania, and we regularly provide support for the social work of our local partners. As part of our targeted aid programmes, we support the care of families in need and the elderly in T\u00e2rgu Mure\u015f and its region.<\/p>\n"},{"acf_fc_layout":"usp","title":"<b>How do we help?<\/b> ","list":[{"usp-icon":{"ID":2108,"id":2108,"title":"Gyerek_iskolai_megkulonboztetes","filename":"Gyerek_iskolai_megkulonboztetes.svg","filesize":2084,"url":"https:\/\/segelyszervezet.hu\/app\/uploads\/2020\/07\/Gyerek_iskolai_megkulonboztetes.svg","link":"https:\/\/segelyszervezet.hu\/en\/afghanistan\/gyerek_iskolai_megkulonboztetes-2\/","alt":"","author":"18","description":"","caption":"","name":"gyerek_iskolai_megkulonboztetes-2","status":"inherit","uploaded_to":2213,"date":"2020-07-02 14:48:15","modified":"2020-07-02 14:48:15","menu_order":0,"mime_type":"image\/svg+xml","type":"image","subtype":"svg+xml","icon":"https:\/\/segelyszervezet.hu\/wp\/wp-includes\/images\/media\/default.png","width":50,"height":50,"sizes":{"thumbnail":"https:\/\/segelyszervezet.hu\/app\/uploads\/2020\/07\/Gyerek_iskolai_megkulonboztetes.svg","thumbnail-width":50,"thumbnail-height":50,"medium":"https:\/\/segelyszervezet.hu\/app\/uploads\/2020\/07\/Gyerek_iskolai_megkulonboztetes.svg","medium-width":50,"medium-height":50,"medium_large":"https:\/\/segelyszervezet.hu\/app\/uploads\/2020\/07\/Gyerek_iskolai_megkulonboztetes.svg","medium_large-width":50,"medium_large-height":50,"large":"https:\/\/segelyszervezet.hu\/app\/uploads\/2020\/07\/Gyerek_iskolai_megkulonboztetes.svg","large-width":50,"large-height":50,"1536x1536":"https:\/\/segelyszervezet.hu\/app\/uploads\/2020\/07\/Gyerek_iskolai_megkulonboztetes.svg","1536x1536-width":50,"1536x1536-height":50,"2048x2048":"https:\/\/segelyszervezet.hu\/app\/uploads\/2020\/07\/Gyerek_iskolai_megkulonboztetes.svg","2048x2048-width":50,"2048x2048-height":50,"card-image":"https:\/\/segelyszervezet.hu\/app\/uploads\/2020\/07\/Gyerek_iskolai_megkulonboztetes.svg","card-image-width":50,"card-image-height":50,"post_list_image":"https:\/\/segelyszervezet.hu\/app\/uploads\/2020\/07\/Gyerek_iskolai_megkulonboztetes.svg","post_list_image-width":50,"post_list_image-height":50}},"usp-label":"Children development","usp-link":""},{"usp-icon":{"ID":2154,"id":2154,"title":"Segelycsomag_telidoboz","filename":"Segelycsomag_telidoboz.svg","filesize":1480,"url":"https:\/\/segelyszervezet.hu\/app\/uploads\/2020\/07\/Segelycsomag_telidoboz.svg","link":"https:\/\/segelyszervezet.hu\/en\/afghanistan\/segelycsomag_telidoboz-2\/","alt":"","author":"18","description":"","caption":"","name":"segelycsomag_telidoboz-2","status":"inherit","uploaded_to":2213,"date":"2020-07-02 14:48:37","modified":"2020-07-02 14:48:37","menu_order":0,"mime_type":"image\/svg+xml","type":"image","subtype":"svg+xml","icon":"https:\/\/segelyszervezet.hu\/wp\/wp-includes\/images\/media\/default.png","width":50,"height":50,"sizes":{"thumbnail":"https:\/\/segelyszervezet.hu\/app\/uploads\/2020\/07\/Segelycsomag_telidoboz.svg","thumbnail-width":50,"thumbnail-height":50,"medium":"https:\/\/segelyszervezet.hu\/app\/uploads\/2020\/07\/Segelycsomag_telidoboz.svg","medium-width":50,"medium-height":50,"medium_large":"https:\/\/segelyszervezet.hu\/app\/uploads\/2020\/07\/Segelycsomag_telidoboz.svg","medium_large-width":50,"medium_large-height":50,"large":"https:\/\/segelyszervezet.hu\/app\/uploads\/2020\/07\/Segelycsomag_telidoboz.svg","large-width":50,"large-height":50,"1536x1536":"https:\/\/segelyszervezet.hu\/app\/uploads\/2020\/07\/Segelycsomag_telidoboz.svg","1536x1536-width":50,"1536x1536-height":50,"2048x2048":"https:\/\/segelyszervezet.hu\/app\/uploads\/2020\/07\/Segelycsomag_telidoboz.svg","2048x2048-width":50,"2048x2048-height":50,"card-image":"https:\/\/segelyszervezet.hu\/app\/uploads\/2020\/07\/Segelycsomag_telidoboz.svg","card-image-width":50,"card-image-height":50,"post_list_image":"https:\/\/segelyszervezet.hu\/app\/uploads\/2020\/07\/Segelycsomag_telidoboz.svg","post_list_image-width":50,"post_list_image-height":50}},"usp-label":"Humanitarian assistance","usp-link":""},{"usp-icon":{"ID":2180,"id":2180,"title":"Videkfejlesztes_kalasz","filename":"Videkfejlesztes_kalasz.svg","filesize":2708,"url":"https:\/\/segelyszervezet.hu\/app\/uploads\/2020\/07\/Videkfejlesztes_kalasz.svg","link":"https:\/\/segelyszervezet.hu\/en\/afghanistan\/videkfejlesztes_kalasz-2\/","alt":"","author":"18","description":"","caption":"","name":"videkfejlesztes_kalasz-2","status":"inherit","uploaded_to":2213,"date":"2020-07-02 14:48:50","modified":"2020-07-02 14:48:50","menu_order":0,"mime_type":"image\/svg+xml","type":"image","subtype":"svg+xml","icon":"https:\/\/segelyszervezet.hu\/wp\/wp-includes\/images\/media\/default.png","width":50,"height":50,"sizes":{"thumbnail":"https:\/\/segelyszervezet.hu\/app\/uploads\/2020\/07\/Videkfejlesztes_kalasz.svg","thumbnail-width":50,"thumbnail-height":50,"medium":"https:\/\/segelyszervezet.hu\/app\/uploads\/2020\/07\/Videkfejlesztes_kalasz.svg","medium-width":50,"medium-height":50,"medium_large":"https:\/\/segelyszervezet.hu\/app\/uploads\/2020\/07\/Videkfejlesztes_kalasz.svg","medium_large-width":50,"medium_large-height":50,"large":"https:\/\/segelyszervezet.hu\/app\/uploads\/2020\/07\/Videkfejlesztes_kalasz.svg","large-width":50,"large-height":50,"1536x1536":"https:\/\/segelyszervezet.hu\/app\/uploads\/2020\/07\/Videkfejlesztes_kalasz.svg","1536x1536-width":50,"1536x1536-height":50,"2048x2048":"https:\/\/segelyszervezet.hu\/app\/uploads\/2020\/07\/Videkfejlesztes_kalasz.svg","2048x2048-width":50,"2048x2048-height":50,"card-image":"https:\/\/segelyszervezet.hu\/app\/uploads\/2020\/07\/Videkfejlesztes_kalasz.svg","card-image-width":50,"card-image-height":50,"post_list_image":"https:\/\/segelyszervezet.hu\/app\/uploads\/2020\/07\/Videkfejlesztes_kalasz.svg","post_list_image-width":50,"post_list_image-height":50}},"usp-label":"Rural development","usp-link":""}]},{"acf_fc_layout":"rich-text","text":"<h1 style=\"text-align: center;\">Activities in Romania<\/h1>\n"},{"acf_fc_layout":"mosaic-content","mosaic_cropped":false,"mosaic_block_id":"","mosaic_block":[{"image":2725,"title":"","description":"In 2019, a total of 200 primary school children in Transylvania received school starting aid after buying school supplies, which was appropriately distributed and delivered to the beneficiaries by our volunteers and local teachers. The school aid was donated to the residents of the \u201cTiny House Street Kids\u201d Mission House and L\u00eddia Home operated by our partner organization, the T\u00e2rgu Mure\u015f-based Diaconia Center of the Lazar\u00e9num Foundation, and to the children of large families living in T\u00e2rgu Mure\u015f and in its neighbourhood.","link":""},{"image":2727,"title":"","description":"We have been organizing Christmas donations in Transylvania for years. In 2019, we supported the institutions of the Lazar\u00e9num Foundation in T\u00e2rgu Mure\u015f with in-kind donations, just as 170 families raising several children living in their vicinity in Mure\u015f County. The 4-tonne delivery contained sustainable food and fruit, and also detergents. In addition to providing care for the families, the shipment also contained a supply of sustainable food and cleaning supplies for half a year to a day-care home for children, an orphanage and a retirement home. ","link":""},{"image":2729,"title":"","description":"HIA played a significant role with its humanitarian assistance after the floods in the Temes region and Szeklerland in the 2000s. Immediate assistance was provided: we distributed vouchers for the purchase of building materials and goods, renovated institutions and community buildings, and set up playgrounds. In addition, we provided immediate assistance, mainly following the natural disasters, in Lopadea Nou\u0103, in the Cs\u00e1ng\u00f3 region, Gyimes, Eastern Moldavia, Southern Romania and in other parts of the country.","link":""}]},{"acf_fc_layout":"counters","text":"In numbers:","background":2721,"list":[{"icon":"https:\/\/segelyszervezet.hu\/app\/uploads\/2020\/07\/X_gyereknek_segitunk.svg","number":"10 000","number-postfix":"","text":"people received direct help from us in Transylvania.","button":"","is-donation":false},{"icon":"https:\/\/segelyszervezet.hu\/app\/uploads\/2020\/07\/Atlathatosag_penzugyi.svg","number":"100","number-postfix":"million","text":"HUF is the total amount of the aid programmes.","button":"","is-donation":false}]},{"acf_fc_layout":"partners","title":"Donors","list":""},{"acf_fc_layout":"partners","title":"Implementing partners","list":""}]},"yoast_head":"<!-- This site is optimized with the Yoast SEO plugin v24.8 - https:\/\/yoast.com\/wordpress\/plugins\/seo\/ -->\n<title>Romania - \u00d6kumenikus Seg\u00e9lyszervezet<\/title>\n<meta name=\"robots\" content=\"index, follow, max-snippet:-1, max-image-preview:large, max-video-preview:-1\" \/>\n<link rel=\"canonical\" href=\"https:\/\/segelyszervezet.hu\/en\/romania\/\" \/>\n<meta property=\"og:locale\" content=\"en_US\" \/>\n<meta property=\"og:type\" content=\"article\" \/>\n<meta property=\"og:title\" content=\"Romania - \u00d6kumenikus Seg\u00e9lyszervezet\" \/>\n<meta property=\"og:url\" content=\"https:\/\/segelyszervezet.hu\/en\/romania\/\" \/>\n<meta property=\"og:site_name\" content=\"\u00d6kumenikus Seg\u00e9lyszervezet\" \/>\n<meta property=\"article:publisher\" content=\"https:\/\/www.facebook.com\/segelyszervezet\/\" \/>\n<meta property=\"article:modified_time\" content=\"2020-07-08T08:07:49+00:00\" \/>\n<meta property=\"og:image\" content=\"https:\/\/segelyszervezet.hu\/app\/uploads\/2020\/07\/Romania_fejlec.jpg\" \/>\n\t<meta property=\"og:image:width\" content=\"1920\" \/>\n\t<meta property=\"og:image:height\" content=\"650\" \/>\n\t<meta property=\"og:image:type\" content=\"image\/jpeg\" \/>\n<meta name=\"twitter:card\" content=\"summary_large_image\" \/>\n<script type=\"application\/ld+json\" class=\"yoast-schema-graph\">{\"@context\":\"https:\/\/schema.org\",\"@graph\":[{\"@type\":\"WebPage\",\"@id\":\"https:\/\/segelyszervezet.hu\/en\/romania\/\",\"url\":\"https:\/\/segelyszervezet.hu\/en\/romania\/\",\"name\":\"Romania - \u00d6kumenikus Seg\u00e9lyszervezet\",\"isPartOf\":{\"@id\":\"https:\/\/segelyszervezet.hu\/#website\"},\"primaryImageOfPage\":{\"@id\":\"https:\/\/segelyszervezet.hu\/en\/romania\/#primaryimage\"},\"image\":{\"@id\":\"https:\/\/segelyszervezet.hu\/en\/romania\/#primaryimage\"},\"thumbnailUrl\":\"https:\/\/segelyszervezet.hu\/app\/uploads\/2020\/07\/Romania_fejlec.jpg\",\"datePublished\":\"2020-07-06T08:30:24+00:00\",\"dateModified\":\"2020-07-08T08:07:49+00:00\",\"breadcrumb\":{\"@id\":\"https:\/\/segelyszervezet.hu\/en\/romania\/#breadcrumb\"},\"inLanguage\":\"en-US\",\"potentialAction\":[{\"@type\":\"ReadAction\",\"target\":[\"https:\/\/segelyszervezet.hu\/en\/romania\/\"]}]},{\"@type\":\"ImageObject\",\"inLanguage\":\"en-US\",\"@id\":\"https:\/\/segelyszervezet.hu\/en\/romania\/#primaryimage\",\"url\":\"https:\/\/segelyszervezet.hu\/app\/uploads\/2020\/07\/Romania_fejlec.jpg\",\"contentUrl\":\"https:\/\/segelyszervezet.hu\/app\/uploads\/2020\/07\/Romania_fejlec.jpg\",\"width\":1920,\"height\":650},{\"@type\":\"BreadcrumbList\",\"@id\":\"https:\/\/segelyszervezet.hu\/en\/romania\/#breadcrumb\",\"itemListElement\":[{\"@type\":\"ListItem\",\"position\":1,\"name\":\"F\u0151oldal\",\"item\":\"https:\/\/segelyszervezet.hu\/en\/\"},{\"@type\":\"ListItem\",\"position\":2,\"name\":\"Romania\"}]},{\"@type\":\"WebSite\",\"@id\":\"https:\/\/segelyszervezet.hu\/#website\",\"url\":\"https:\/\/segelyszervezet.hu\/\",\"name\":\"\u00d6kumenikus Seg\u00e9lyszervezet\",\"description\":\"\",\"publisher\":{\"@id\":\"https:\/\/segelyszervezet.hu\/#organization\"},\"potentialAction\":[{\"@type\":\"SearchAction\",\"target\":{\"@type\":\"EntryPoint\",\"urlTemplate\":\"https:\/\/segelyszervezet.hu\/?s={search_term_string}\"},\"query-input\":{\"@type\":\"PropertyValueSpecification\",\"valueRequired\":true,\"valueName\":\"search_term_string\"}}],\"inLanguage\":\"en-US\"},{\"@type\":\"Organization\",\"@id\":\"https:\/\/segelyszervezet.hu\/#organization\",\"name\":\"Interchurch Aid\",\"url\":\"https:\/\/segelyszervezet.hu\/\",\"logo\":{\"@type\":\"ImageObject\",\"inLanguage\":\"en-US\",\"@id\":\"https:\/\/segelyszervezet.hu\/#\/schema\/logo\/image\/\",\"url\":\"https:\/\/segelyszervezet.hu\/app\/uploads\/2020\/07\/logo-colored.svg\",\"contentUrl\":\"https:\/\/segelyszervezet.hu\/app\/uploads\/2020\/07\/logo-colored.svg\",\"width\":202,\"height\":67,\"caption\":\"Interchurch Aid\"},\"image\":{\"@id\":\"https:\/\/segelyszervezet.hu\/#\/schema\/logo\/image\/\"},\"sameAs\":[\"https:\/\/www.facebook.com\/segelyszervezet\/\",\"https:\/\/www.instagram.com\/okumenikus_segelyszervezet\/\",\"https:\/\/www.youtube.com\/user\/Segelyszervezet\"]}]}<\/script>\n<!-- \/ Yoast SEO plugin. -->","yoast_head_json":{"title":"Romania - \u00d6kumenikus Seg\u00e9lyszervezet","robots":{"index":"index","follow":"follow","max-snippet":"max-snippet:-1","max-image-preview":"max-image-preview:large","max-video-preview":"max-video-preview:-1"},"canonical":"https:\/\/segelyszervezet.hu\/en\/romania\/","og_locale":"en_US","og_type":"article","og_title":"Romania - \u00d6kumenikus Seg\u00e9lyszervezet","og_url":"https:\/\/segelyszervezet.hu\/en\/romania\/","og_site_name":"\u00d6kumenikus Seg\u00e9lyszervezet","article_publisher":"https:\/\/www.facebook.com\/segelyszervezet\/","article_modified_time":"2020-07-08T08:07:49+00:00","og_image":[{"width":1920,"height":650,"url":"https:\/\/segelyszervezet.hu\/app\/uploads\/2020\/07\/Romania_fejlec.jpg","type":"image\/jpeg"}],"twitter_card":"summary_large_image","schema":{"@context":"https:\/\/schema.org","@graph":[{"@type":"WebPage","@id":"https:\/\/segelyszervezet.hu\/en\/romania\/","url":"https:\/\/segelyszervezet.hu\/en\/romania\/","name":"Romania - \u00d6kumenikus Seg\u00e9lyszervezet","isPartOf":{"@id":"https:\/\/segelyszervezet.hu\/#website"},"primaryImageOfPage":{"@id":"https:\/\/segelyszervezet.hu\/en\/romania\/#primaryimage"},"image":{"@id":"https:\/\/segelyszervezet.hu\/en\/romania\/#primaryimage"},"thumbnailUrl":"https:\/\/segelyszervezet.hu\/app\/uploads\/2020\/07\/Romania_fejlec.jpg","datePublished":"2020-07-06T08:30:24+00:00","dateModified":"2020-07-08T08:07:49+00:00","breadcrumb":{"@id":"https:\/\/segelyszervezet.hu\/en\/romania\/#breadcrumb"},"inLanguage":"en-US","potentialAction":[{"@type":"ReadAction","target":["https:\/\/segelyszervezet.hu\/en\/romania\/"]}]},{"@type":"ImageObject","inLanguage":"en-US","@id":"https:\/\/segelyszervezet.hu\/en\/romania\/#primaryimage","url":"https:\/\/segelyszervezet.hu\/app\/uploads\/2020\/07\/Romania_fejlec.jpg","contentUrl":"https:\/\/segelyszervezet.hu\/app\/uploads\/2020\/07\/Romania_fejlec.jpg","width":1920,"height":650},{"@type":"BreadcrumbList","@id":"https:\/\/segelyszervezet.hu\/en\/romania\/#breadcrumb","itemListElement":[{"@type":"ListItem","position":1,"name":"F\u0151oldal","item":"https:\/\/segelyszervezet.hu\/en\/"},{"@type":"ListItem","position":2,"name":"Romania"}]},{"@type":"WebSite","@id":"https:\/\/segelyszervezet.hu\/#website","url":"https:\/\/segelyszervezet.hu\/","name":"\u00d6kumenikus Seg\u00e9lyszervezet","description":"","publisher":{"@id":"https:\/\/segelyszervezet.hu\/#organization"},"potentialAction":[{"@type":"SearchAction","target":{"@type":"EntryPoint","urlTemplate":"https:\/\/segelyszervezet.hu\/?s={search_term_string}"},"query-input":{"@type":"PropertyValueSpecification","valueRequired":true,"valueName":"search_term_string"}}],"inLanguage":"en-US"},{"@type":"Organization","@id":"https:\/\/segelyszervezet.hu\/#organization","name":"Interchurch Aid","url":"https:\/\/segelyszervezet.hu\/","logo":{"@type":"ImageObject","inLanguage":"en-US","@id":"https:\/\/segelyszervezet.hu\/#\/schema\/logo\/image\/","url":"https:\/\/segelyszervezet.hu\/app\/uploads\/2020\/07\/logo-colored.svg","contentUrl":"https:\/\/segelyszervezet.hu\/app\/uploads\/2020\/07\/logo-colored.svg","width":202,"height":67,"caption":"Interchurch Aid"},"image":{"@id":"https:\/\/segelyszervezet.hu\/#\/schema\/logo\/image\/"},"sameAs":["https:\/\/www.facebook.com\/segelyszervezet\/","https:\/\/www.instagram.com\/okumenikus_segelyszervezet\/","https:\/\/www.youtube.com\/user\/Segelyszervezet"]}]}},"_links":{"self":[{"href":"https:\/\/segelyszervezet.hu\/en\/wp-json\/wp\/v2\/pages\/2735","targetHints":{"allow":["GET"]}}],"collection":[{"href":"https:\/\/segelyszervezet.hu\/en\/wp-json\/wp\/v2\/pages"}],"about":[{"href":"https:\/\/segelyszervezet.hu\/en\/wp-json\/wp\/v2\/types\/page"}],"author":[{"embeddable":true,"href":"https:\/\/segelyszervezet.hu\/en\/wp-json\/wp\/v2\/users\/18"}],"replies":[{"embeddable":true,"href":"https:\/\/segelyszervezet.hu\/en\/wp-json\/wp\/v2\/comments?post=2735"}],"version-history":[{"count":2,"href":"https:\/\/segelyszervezet.hu\/en\/wp-json\/wp\/v2\/pages\/2735\/revisions"}],"predecessor-version":[{"id":3605,"href":"https:\/\/segelyszervezet.hu\/en\/wp-json\/wp\/v2\/pages\/2735\/revisions\/3605"}],"wp:featuredmedia":[{"embeddable":true,"href":"https:\/\/segelyszervezet.hu\/en\/wp-json\/wp\/v2\/media\/2721"}],"wp:attachment":[{"href":"https:\/\/segelyszervezet.hu\/en\/wp-json\/wp\/v2\/media?parent=2735"}],"curies":[{"name":"wp","href":"https:\/\/api.w.org\/{rel}","templated":true}]}}